{"id":20,"date":"2024-04-17T06:35:10","date_gmt":"2024-04-17T09:35:10","guid":{"rendered":"https:\/\/solucoes-em-cartorio.leandroalves.adv.br\/?page_id=20"},"modified":"2025-01-14T14:32:52","modified_gmt":"2025-01-14T17:32:52","slug":"home","status":"publish","type":"page","link":"https:\/\/leandroalves.adv.br\/solucoes-em-cartorio\/","title":{"rendered":"Home"},"content":{"rendered":"<style>\/*! elementor - v3.21.0 - 15-04-2024 *\/\n.elementor-widget-image{text-align:center}.elementor-widget-image a{display:inline-block}.elementor-widget-image a img[src$=\".svg\"]{width:48px}.elementor-widget-image img{vertical-align:middle;display:inline-block}<\/style>\n<p>\t\t\t\t\t\t\t\t\t\t<img fetchpriority=\"high\" width=\"900\" height=\"517\" src=\"https:\/\/solucoes-em-cartorio.leandroalves.adv.br\/wp-content\/uploads\/2024\/04\/Design-sem-nome-2024-04-17T064422.144.png\" alt=\"\" decoding=\"async\" srcset=\"https:\/\/solucoes-em-cartorio.leandroalves.adv.br\/wp-content\/uploads\/2024\/04\/Design-sem-nome-2024-04-17T064422.144.png 900w, https:\/\/solucoes-em-cartorio.leandroalves.adv.br\/wp-content\/uploads\/2024\/04\/Design-sem-nome-2024-04-17T064422.144-300x172.png 300w, https:\/\/solucoes-em-cartorio.leandroalves.adv.br\/wp-content\/uploads\/2024\/04\/Design-sem-nome-2024-04-17T064422.144-768x441.png 768w\" sizes=\"(max-width: 900px) 100vw, 900px\" \/>\t\t\t\t\t\t\t\t\t\t\t\t\t<\/p>\n<style>\/*! elementor - v3.21.0 - 15-04-2024 *\/\n.elementor-heading-title{padding:0;margin:0;line-height:1}.elementor-widget-heading .elementor-heading-title[class*=elementor-size-]>a{color:inherit;font-size:inherit;line-height:inherit}.elementor-widget-heading .elementor-heading-title.elementor-size-small{font-size:15px}.elementor-widget-heading .elementor-heading-title.elementor-size-medium{font-size:19px}.elementor-widget-heading .elementor-heading-title.elementor-size-large{font-size:29px}.elementor-widget-heading .elementor-heading-title.elementor-size-xl{font-size:39px}.elementor-widget-heading .elementor-heading-title.elementor-size-xxl{font-size:59px}<\/style>\n<h2>ADVOCACIA EM CART\u00d3RIOS<br \/>\n<\/h2>\n<p>Solu\u00e7\u00f5es Extrajudiciais<\/p>\n<p>Fale com um advogado especialista agora mesmo!\u00a0<\/p>\n<p>\t\t\t<a href=\"http:\/\/wa.me\/5562991860486\" target=\"_blank\" rel=\"noopener\"><br \/>\n\t\t\t\t\t\t\t\t\tFale com um especialista<br \/>\n\t\t\t\t\t<\/a><\/p>\n<h2>Como podemos te ajudar?<br \/>\n<\/h2>\n<p>\t\tServi\u00e7os jur\u00eddicos extrajudiciais em Cart\u00f3rios:<br \/>\n\t\t\t<svg aria-hidden=\"true\" viewBox=\"0 0 640 512\" xmlns=\"http:\/\/www.w3.org\/2000\/svg\"><path d=\"M256 336h-.02c0-16.18 1.34-8.73-85.05-181.51-17.65-35.29-68.19-35.36-85.87 0C-2.06 328.75.02 320.33.02 336H0c0 44.18 57.31 80 128 80s128-35.82 128-80zM128 176l72 144H56l72-144zm511.98 160c0-16.18 1.34-8.73-85.05-181.51-17.65-35.29-68.19-35.36-85.87 0-87.12 174.26-85.04 165.84-85.04 181.51H384c0 44.18 57.31 80 128 80s128-35.82 128-80h-.02zM440 320l72-144 72 144H440zm88 128H352V153.25c23.51-10.29 41.16-31.48 46.39-57.25H528c8.84 0 16-7.16 16-16V48c0-8.84-7.16-16-16-16H383.64C369.04 12.68 346.09 0 320 0s-49.04 12.68-63.64 32H112c-8.84 0-16 7.16-16 16v32c0 8.84 7.16 16 16 16h129.61c5.23 25.76 22.87 46.96 46.39 57.25V448H112c-8.84 0-16 7.16-16 16v32c0 8.84 7.16 16 16 16h416c8.84 0 16-7.16 16-16v-32c0-8.84-7.16-16-16-16z\"><\/path><\/svg>\t\t\t<\/p>\n<h2>Quest\u00f5es de Fam\u00edlia<br \/>\n<\/h2>\n<p>&#8211; Constitui\u00e7\u00e3o de Uni\u00e3o Est\u00e1vel, Contrato de Namoro e Pacto pr\u00e9-nupcial<br \/>&#8211; Altera\u00e7\u00e3o de Regime de Bens na Uni\u00e3o Est\u00e1vel<br \/>&#8211; Convers\u00e3o de Uni\u00e3o Est\u00e1vel em Casamento<br \/>&#8211; Div\u00f3rcio e Dissolu\u00e7\u00e3o de Uni\u00e3o Est\u00e1vel<br \/>&#8211; Averba\u00e7\u00e3o de Div\u00f3rcio Estrangeiro\u00a0<\/p>\n<p>\t\t\t<svg aria-hidden=\"true\" viewBox=\"0 0 640 512\" xmlns=\"http:\/\/www.w3.org\/2000\/svg\"><path d=\"M256 336h-.02c0-16.18 1.34-8.73-85.05-181.51-17.65-35.29-68.19-35.36-85.87 0C-2.06 328.75.02 320.33.02 336H0c0 44.18 57.31 80 128 80s128-35.82 128-80zM128 176l72 144H56l72-144zm511.98 160c0-16.18 1.34-8.73-85.05-181.51-17.65-35.29-68.19-35.36-85.87 0-87.12 174.26-85.04 165.84-85.04 181.51H384c0 44.18 57.31 80 128 80s128-35.82 128-80h-.02zM440 320l72-144 72 144H440zm88 128H352V153.25c23.51-10.29 41.16-31.48 46.39-57.25H528c8.84 0 16-7.16 16-16V48c0-8.84-7.16-16-16-16H383.64C369.04 12.68 346.09 0 320 0s-49.04 12.68-63.64 32H112c-8.84 0-16 7.16-16 16v32c0 8.84 7.16 16 16 16h129.61c5.23 25.76 22.87 46.96 46.39 57.25V448H112c-8.84 0-16 7.16-16 16v32c0 8.84 7.16 16 16 16h416c8.84 0 16-7.16 16-16v-32c0-8.84-7.16-16-16-16z\"><\/path><\/svg>\t\t\t<\/p>\n<h2>Quest\u00f5es Sucess\u00f3rias<\/h2>\n<p>&#8211; Testamento<br \/>&#8211; Invent\u00e1rio<br \/>&#8211; Doa\u00e7\u00e3o\u00a0<\/p>\n<p>\t\t\t<svg aria-hidden=\"true\" viewBox=\"0 0 640 512\" xmlns=\"http:\/\/www.w3.org\/2000\/svg\"><path d=\"M256 336h-.02c0-16.18 1.34-8.73-85.05-181.51-17.65-35.29-68.19-35.36-85.87 0C-2.06 328.75.02 320.33.02 336H0c0 44.18 57.31 80 128 80s128-35.82 128-80zM128 176l72 144H56l72-144zm511.98 160c0-16.18 1.34-8.73-85.05-181.51-17.65-35.29-68.19-35.36-85.87 0-87.12 174.26-85.04 165.84-85.04 181.51H384c0 44.18 57.31 80 128 80s128-35.82 128-80h-.02zM440 320l72-144 72 144H440zm88 128H352V153.25c23.51-10.29 41.16-31.48 46.39-57.25H528c8.84 0 16-7.16 16-16V48c0-8.84-7.16-16-16-16H383.64C369.04 12.68 346.09 0 320 0s-49.04 12.68-63.64 32H112c-8.84 0-16 7.16-16 16v32c0 8.84 7.16 16 16 16h129.61c5.23 25.76 22.87 46.96 46.39 57.25V448H112c-8.84 0-16 7.16-16 16v32c0 8.84 7.16 16 16 16h416c8.84 0 16-7.16 16-16v-32c0-8.84-7.16-16-16-16z\"><\/path><\/svg>\t\t\t<\/p>\n<h2>Quest\u00f5es Imobili\u00e1rias<br \/>\n<\/h2>\n<p>&#8211; Minuta de Compra e Venda<br \/>&#8211; Regulariza\u00e7\u00e3o Fundi\u00e1ria<br \/>&#8211; Usucapi\u00e3o\u00a0<\/p>\n<p>\t\t\t<svg aria-hidden=\"true\" viewBox=\"0 0 640 512\" xmlns=\"http:\/\/www.w3.org\/2000\/svg\"><path d=\"M256 336h-.02c0-16.18 1.34-8.73-85.05-181.51-17.65-35.29-68.19-35.36-85.87 0C-2.06 328.75.02 320.33.02 336H0c0 44.18 57.31 80 128 80s128-35.82 128-80zM128 176l72 144H56l72-144zm511.98 160c0-16.18 1.34-8.73-85.05-181.51-17.65-35.29-68.19-35.36-85.87 0-87.12 174.26-85.04 165.84-85.04 181.51H384c0 44.18 57.31 80 128 80s128-35.82 128-80h-.02zM440 320l72-144 72 144H440zm88 128H352V153.25c23.51-10.29 41.16-31.48 46.39-57.25H528c8.84 0 16-7.16 16-16V48c0-8.84-7.16-16-16-16H383.64C369.04 12.68 346.09 0 320 0s-49.04 12.68-63.64 32H112c-8.84 0-16 7.16-16 16v32c0 8.84 7.16 16 16 16h129.61c5.23 25.76 22.87 46.96 46.39 57.25V448H112c-8.84 0-16 7.16-16 16v32c0 8.84 7.16 16 16 16h416c8.84 0 16-7.16 16-16v-32c0-8.84-7.16-16-16-16z\"><\/path><\/svg>\t\t\t<\/p>\n<h2>Quest\u00f5es Diversas<br \/>\n<\/h2>\n<p>&#8211; Registro ou Averba\u00e7\u00e3o de Documento Estrangeiro<br \/>&#8211; Protestos e Notifica\u00e7\u00f5es<br \/>&#8211; Concilia\u00e7\u00e3o e Media\u00e7\u00e3o<\/p>\n<h2>*N\u00e3o desista dos seus direitos! Entre em contato e fale com um advogado especialista em sou\u00e7\u00f5es em cart\u00f3rio.<\/h2>\n<p>\t\t\t<a href=\"http:\/\/wa.me\/5562991860486\" target=\"_blank\" rel=\"noopener\"><br \/>\n\t\t\t\t\t\t\t\t\tFale com um especialista<br \/>\n\t\t\t\t\t<\/a><\/p>\n<h2>Sobre o Escrit\u00f3rio<\/h2>\n<p>O <strong>Dr. Leandro Alves<\/strong> \u00e9 especialista em Solu\u00e7\u00f5es em Cart\u00f3rio, podendo oferecer aos seus clientes, um atendimento humanizado com excel\u00eancia.<\/p>\n<p>Sua miss\u00e3o \u00e9 proporcionar seguran\u00e7a e tranquilidade aos clientes por meio de sua expertise no <strong>Direito.<\/strong><\/p>\n<p>Acreditamos em uma <strong>abordagem personalizada<\/strong> para cada caso. Entendemos que cada situa\u00e7\u00e3o \u00e9 \u00fanica e merece aten\u00e7\u00e3o individualizada.<\/p>\n<p>Desde o primeiro contato at\u00e9 a resolu\u00e7\u00e3o do seu caso, estaremos ao seu lado, orientando voc\u00ea e mantendo voc\u00ea informado sobre cada etapa.\u00a0<\/p>\n<p>\t\t\t<a href=\"http:\/\/wa.me\/5562991860486\" target=\"_blank\" rel=\"noopener\"><br \/>\n\t\t\t\t\t\t\t\t\tFale com um especialista<br \/>\n\t\t\t\t\t<\/a><\/p>\n<style>\/*! elementor - v3.21.0 - 15-04-2024 *\/\n.elementor-column .elementor-spacer-inner{height:var(--spacer-size)}.e-con{--container-widget-width:100%}.e-con-inner>.elementor-widget-spacer,.e-con>.elementor-widget-spacer{width:var(--container-widget-width,var(--spacer-size));--align-self:var(--container-widget-align-self,initial);--flex-shrink:0}.e-con-inner>.elementor-widget-spacer>.elementor-widget-container,.e-con>.elementor-widget-spacer>.elementor-widget-container{height:100%;width:100%}.e-con-inner>.elementor-widget-spacer>.elementor-widget-container>.elementor-spacer,.e-con>.elementor-widget-spacer>.elementor-widget-container>.elementor-spacer{height:100%}.e-con-inner>.elementor-widget-spacer>.elementor-widget-container>.elementor-spacer>.elementor-spacer-inner,.e-con>.elementor-widget-spacer>.elementor-widget-container>.elementor-spacer>.elementor-spacer-inner{height:var(--container-widget-height,var(--spacer-size))}.e-con-inner>.elementor-widget-spacer.elementor-widget-empty,.e-con>.elementor-widget-spacer.elementor-widget-empty{position:relative;min-height:22px;min-width:22px}.e-con-inner>.elementor-widget-spacer.elementor-widget-empty .elementor-widget-empty-icon,.e-con>.elementor-widget-spacer.elementor-widget-empty .elementor-widget-empty-icon{position:absolute;top:0;bottom:0;left:0;right:0;margin:auto;padding:0;width:22px;height:22px}<\/style>\n<h2>Expertise Especializada<\/h2>\n<h2>Um advogado com vasta experi\u00eancia oferece conhecimento especializado em leis e regulamentos relacionados ao assunto, garantindo orienta\u00e7\u00e3o precisa e atualizada sobre seus direitos e benef\u00edcios.<\/h2>\n<h2>Maximiza\u00e7\u00e3o de Resultados<\/h2>\n<h2>\nO advogado especialista identifica todas as op\u00e7\u00f5es, otimizando seu planejamento para assegurar os melhores resultados, alcan\u00e7ando as solu\u00e7\u00f5es pretendidas pelos clientes.<br \/>\n<\/h2>\n<h2>Tr\u00e2mites Legais Eficientes<\/h2>\n<h2>\nAdvogado experiente agiliza e otimiza processos, vencendo burocracias, otimizando procedimentos dispens\u00e1veis, economizando tempo e esfor\u00e7o.<br \/>\n<\/h2>\n<h2>Defesa de Direitos<\/h2>\n<h2>Advogado incans\u00e1vel: luta pelos direitos, busca justi\u00e7a e equidade. Destaca-se como guardi\u00e3o da defesa dos vulner\u00e1veis, dedicado e apaixonado por alcan\u00e7ar resultados justos em cada batalha legal.<br \/>\n<\/h2>\n<h2>Por que contratar o Dr. Leandro Alves?<\/h2>\n<p>\t\t\t<a href=\"http:\/\/wa.me\/5562991860486\" target=\"_blank\" rel=\"noopener\"><br \/>\n\t\t\t\t\t\t\t\t\tFale com um especialista<br \/>\n\t\t\t\t\t<\/a><\/p>\n<h2>Como funciona nosso atendimento?<br \/>\n<\/h2>\n<p>Atendimento Online ou Presencial<\/p>\n<h2>100% DIGITAL<br \/>\n<\/h2>\n<p>\t\tOs clientes podem ser atendidos de forma totalmente digital. A procura por essa modalidade de atendimento s\u00f3 tem crescido, trazendo maior comodidade ao cliente. \t\t<\/p>\n<h2>DIRETO NO WHATSAPP<br \/>\n<\/h2>\n<p>\t\tA contrata\u00e7\u00e3o do servi\u00e7o pode ser feito diretamente pelo WhatsApp. O cliente \u00e9 respondido rapidamente pela equipe, que faz o poss\u00edvel para atender mesmo fora do hor\u00e1rio comercial.<\/p>\n<h2>ATENDIMENTO EM TODO BRASIL<br \/>\n<\/h2>\n<p>\t\tCom o avan\u00e7o da tecnologia, os processos s\u00e3o eletr\u00f4nicos. Por isso, conseguimos atender clientes de todo o Brasil de forma online.<\/p>\n<h2>Ainda precisando de ajuda?<\/h2>\n<p>Descubra a solu\u00e7\u00e3o certa para o seu problema agora!<\/p>\n<p>Entre em contato conosco:<\/p>\n<p>\t\t\t<a href=\"http:\/\/wa.me\/5562991860486\" target=\"_blank\" rel=\"noopener\"><br \/>\n\t\t\t\t\t\t\t\t\tEnviar mensagem<br \/>\n\t\t\t\t\t<\/a><\/p>\n<h2>Contato:<\/h2>\n<link rel=\"stylesheet\" href=\"https:\/\/solucoes-em-cartorio.leandroalves.adv.br\/wp-content\/plugins\/elementor\/assets\/css\/widget-icon-list.min.css\">\n<ul>\n<li>\n\t\t\t\t\t\t\t\t\t\t\t<a href=\"#\" target=\"_blank\" rel=\"noopener\"><br \/>\n\t\t\t\t\t\t\t\t\t\t(62) 9 9186-0486<br \/>\n\t\t\t\t\t\t\t\t\t\t\t<\/a>\n\t\t\t\t\t\t\t\t\t<\/li>\n<li>\n\t\t\t\t\t\t\t<svg aria-hidden=\"true\" viewBox=\"0 0 512 512\" xmlns=\"http:\/\/www.w3.org\/2000\/svg\"><path d=\"M464 64H48C21.49 64 0 85.49 0 112v288c0 26.51 21.49 48 48 48h416c26.51 0 48-21.49 48-48V112c0-26.51-21.49-48-48-48zm0 48v40.805c-22.422 18.259-58.168 46.651-134.587 106.49-16.841 13.247-50.201 45.072-73.413 44.701-23.208.375-56.579-31.459-73.413-44.701C106.18 199.465 70.425 171.067 48 152.805V112h416zM48 400V214.398c22.914 18.251 55.409 43.862 104.938 82.646 21.857 17.205 60.134 55.186 103.062 54.955 42.717.231 80.509-37.199 103.053-54.947 49.528-38.783 82.032-64.401 104.947-82.653V400H48z\"><\/path><\/svg><br \/>\n\t\t\t\t\t\t\t\t\t\tcontato@leandroalves.adv.br\n\t\t\t\t\t\t\t\t\t<\/li>\n<li>\n\t\t\t\t\t\t\t<svg aria-hidden=\"true\" viewBox=\"0 0 384 512\" xmlns=\"http:\/\/www.w3.org\/2000\/svg\"><path d=\"M172.268 501.67C26.97 291.031 0 269.413 0 192 0 85.961 85.961 0 192 0s192 85.961 192 192c0 77.413-26.97 99.031-172.268 309.67-9.535 13.774-29.93 13.773-39.464 0zM192 272c44.183 0 80-35.817 80-80s-35.817-80-80-80-80 35.817-80 80 35.817 80 80 80z\"><\/path><\/svg><br \/>\n\t\t\t\t\t\t\t\t\t\tRua 146 n\u00ba 351, Setor Marista, Goi\u00e2nia\/GO\n\t\t\t\t\t\t\t\t\t<\/li>\n<li>\n\t\t\t\t\t\t\t\t\t\tAtendimento Online em todo o Brasil\n\t\t\t\t\t\t\t\t\t<\/li>\n<\/ul>\n<p>\u00a92024 Leandro Alves Advocacia. Todos os direitos reservados.<\/p>\n<p>\t\t\t<a href=\"https:\/\/modusjuridico.com.br\" target=\"_blank\" rel=\"noopener\"><\/p>\n<p>Desenvolvido por Modu&#8217;s Jur\u00eddico.<\/p>\n<p><\/a><\/p>\n","protected":false},"excerpt":{"rendered":"<p>ADVOCACIA EM CART\u00d3RIOS Solu\u00e7\u00f5es Extrajudiciais Fale com um advogado especialista agora mesmo!\u00a0 Fale com um especialista Como podemos te ajudar? Servi\u00e7os jur\u00eddicos extrajudiciais em Cart\u00f3rios: Quest\u00f5es de Fam\u00edlia &#8211; Constitui\u00e7\u00e3o de Uni\u00e3o Est\u00e1vel, Contrato de Namoro e Pacto pr\u00e9-nupcial&#8211; Altera\u00e7\u00e3o de Regime de Bens na Uni\u00e3o Est\u00e1vel&#8211; Convers\u00e3o de Uni\u00e3o Est\u00e1vel em Casamento&#8211; Div\u00f3rcio e [&hellip;]<\/p>\n","protected":false},"author":2,"featured_media":0,"parent":0,"menu_order":0,"comment_status":"closed","ping_status":"closed","template":"elementor_canvas","meta":{"_joinchat":[],"footnotes":""},"class_list":["post-20","page","type-page","status-publish","hentry"],"_links":{"self":[{"href":"https:\/\/leandroalves.adv.br\/solucoes-em-cartorio\/wp-json\/wp\/v2\/pages\/20"}],"collection":[{"href":"https:\/\/leandroalves.adv.br\/solucoes-em-cartorio\/wp-json\/wp\/v2\/pages"}],"about":[{"href":"https:\/\/leandroalves.adv.br\/solucoes-em-cartorio\/wp-json\/wp\/v2\/types\/page"}],"author":[{"embeddable":true,"href":"https:\/\/leandroalves.adv.br\/solucoes-em-cartorio\/wp-json\/wp\/v2\/users\/2"}],"replies":[{"embeddable":true,"href":"https:\/\/leandroalves.adv.br\/solucoes-em-cartorio\/wp-json\/wp\/v2\/comments?post=20"}],"version-history":[{"count":22,"href":"https:\/\/leandroalves.adv.br\/solucoes-em-cartorio\/wp-json\/wp\/v2\/pages\/20\/revisions"}],"predecessor-version":[{"id":46,"href":"https:\/\/leandroalves.adv.br\/solucoes-em-cartorio\/wp-json\/wp\/v2\/pages\/20\/revisions\/46"}],"wp:attachment":[{"href":"https:\/\/leandroalves.adv.br\/solucoes-em-cartorio\/wp-json\/wp\/v2\/media?parent=20"}],"curies":[{"name":"wp","href":"https:\/\/api.w.org\/{rel}","templated":true}]}}